{"id":1851,"date":"2026-02-13T17:10:23","date_gmt":"2026-02-13T16:10:23","guid":{"rendered":"https:\/\/reciclajedecolchones.smv.es\/?page_id=1851"},"modified":"2026-05-13T12:39:02","modified_gmt":"2026-05-13T10:39:02","slug":"sobre-nosotros","status":"publish","type":"page","link":"https:\/\/reciclajedecolchones.smv.es\/?page_id=1851","title":{"rendered":"Sobre nosotros"},"content":{"rendered":"\t\t<div data-elementor-type=\"wp-page\" data-elementor-id=\"1851\" class=\"elementor elementor-1851\" data-elementor-post-type=\"page\">\n\t\t\t\t<div class=\"elementor-element elementor-element-36becb0 e-con-full e-flex e-con e-parent\" data-id=\"36becb0\" data-element_type=\"container\" data-e-type=\"container\" data-settings=\"{&quot;background_background&quot;:&quot;classic&quot;}\">\n\t\t<div class=\"elementor-element elementor-element-2fded44 e-con-full e-flex e-con e-child\" data-id=\"2fded44\" data-element_type=\"container\" data-e-type=\"container\" data-settings=\"{&quot;background_background&quot;:&quot;classic&quot;}\">\n\t\t\t\t<div class=\"elementor-element elementor-element-b800834 elementor-widget elementor-widget-heading\" data-id=\"b800834\" data-element_type=\"widget\" data-e-type=\"widget\" data-widget_type=\"heading.default\">\n\t\t\t\t<div class=\"elementor-widget-container\">\n\t\t\t\t\t<p class=\"elementor-heading-title elementor-size-default\">Conoce SMV<\/p>\t\t\t\t<\/div>\n\t\t\t\t<\/div>\n\t\t\t\t<div class=\"elementor-element elementor-element-b41d49c elementor-widget elementor-widget-heading\" data-id=\"b41d49c\" data-element_type=\"widget\" data-e-type=\"widget\" data-widget_type=\"heading.default\">\n\t\t\t\t<div class=\"elementor-widget-container\">\n\t\t\t\t\t<h2 class=\"elementor-heading-title elementor-size-default\">SMV es una empresa de servicios especializada en la gesti\u00f3n integral de residuos<\/h2>\t\t\t\t<\/div>\n\t\t\t\t<\/div>\n\t\t\t\t<div class=\"elementor-element elementor-element-7312091 elementor-widget elementor-widget-text-editor\" data-id=\"7312091\" data-element_type=\"widget\" data-e-type=\"widget\" data-widget_type=\"text-editor.default\">\n\t\t\t\t<div class=\"elementor-widget-container\">\n\t\t\t\t\t\t\t\t\t<p>Desarrollamos nuestra labor desde el a\u00f1o 2007, ofreciendo servicios de gesti\u00f3n integral de residuos, desde la compra- venta de subproductos, transporte y valorizaci\u00f3n final de todo tipo de residuos, buscando soluciones de reciclado a residuos que normalmente se destinan a eliminaci\u00f3n, todo ello bajo las autorizaciones medioambientales de la Comunidad Valenciana de su planta de tratamiento en Alboraya, que cuenta con 4.000 m2.<\/p>\t\t\t\t\t\t\t\t<\/div>\n\t\t\t\t<\/div>\n\t\t\t\t<div class=\"elementor-element elementor-element-44f7553 elementor-align-left elementor-tablet-align-center elementor-mobile-align-center elementor-widget elementor-widget-button\" data-id=\"44f7553\" data-element_type=\"widget\" data-e-type=\"widget\" data-widget_type=\"button.default\">\n\t\t\t\t<div class=\"elementor-widget-container\">\n\t\t\t\t\t\t\t\t\t<div class=\"elementor-button-wrapper\">\n\t\t\t\t\t<a class=\"elementor-button elementor-button-link elementor-size-sm elementor-animation-grow\" href=\"https:\/\/reciclajedecolchones.smv.es\/?page_id=1046\">\n\t\t\t\t\t\t<span class=\"elementor-button-content-wrapper\">\n\t\t\t\t\t\t\t\t\t<span class=\"elementor-button-text\">Sostenbibilidad<\/span>\n\t\t\t\t\t<\/span>\n\t\t\t\t\t<\/a>\n\t\t\t\t<\/div>\n\t\t\t\t\t\t\t\t<\/div>\n\t\t\t\t<\/div>\n\t\t\t\t<\/div>\n\t\t<div class=\"elementor-element elementor-element-526ee98 e-con-full e-flex e-con e-child\" data-id=\"526ee98\" data-element_type=\"container\" data-e-type=\"container\" data-settings=\"{&quot;background_background&quot;:&quot;slideshow&quot;,&quot;background_slideshow_gallery&quot;:[{&quot;id&quot;:1982,&quot;url&quot;:&quot;https:\\\/\\\/reciclajedecolchones.smv.es\\\/wp-content\\\/uploads\\\/2026\\\/05\\\/Reciclaje-de-colchones-en-Espana_segunda-vida-colchones-reciclados_donde-tirar-colchones-viejos_recogida-de-colchones_SMV_Valencia_colchones-usados_economia-circular_10.jpeg&quot;}],&quot;background_slideshow_loop&quot;:&quot;yes&quot;,&quot;background_slideshow_slide_duration&quot;:5000,&quot;background_slideshow_slide_transition&quot;:&quot;fade&quot;,&quot;background_slideshow_transition_duration&quot;:500}\">\n\t\t\t\t<\/div>\n\t\t\t\t<\/div>\n\t\t<div class=\"elementor-element elementor-element-7769870 e-con-full e-flex e-con e-parent\" data-id=\"7769870\" data-element_type=\"container\" data-e-type=\"container\" data-settings=\"{&quot;background_background&quot;:&quot;classic&quot;}\">\n\t\t<div class=\"elementor-element elementor-element-24ec76f e-con-full e-flex e-con e-child\" data-id=\"24ec76f\" data-element_type=\"container\" data-e-type=\"container\" data-settings=\"{&quot;background_background&quot;:&quot;slideshow&quot;,&quot;background_slideshow_gallery&quot;:[{&quot;id&quot;:1976,&quot;url&quot;:&quot;https:\\\/\\\/reciclajedecolchones.smv.es\\\/wp-content\\\/uploads\\\/2026\\\/05\\\/Reciclaje-de-colchones-en-Espana_segunda-vida-colchones-reciclados_donde-tirar-colchones-viejos_recogida-de-colchones_SMV_Valencia_colchones-usados_economia-circular_5.png&quot;}],&quot;background_slideshow_loop&quot;:&quot;yes&quot;,&quot;background_slideshow_slide_duration&quot;:5000,&quot;background_slideshow_slide_transition&quot;:&quot;fade&quot;,&quot;background_slideshow_transition_duration&quot;:500}\">\n\t\t\t\t<\/div>\n\t\t<div class=\"elementor-element elementor-element-4170403 e-con-full e-flex e-con e-child\" data-id=\"4170403\" data-element_type=\"container\" data-e-type=\"container\" data-settings=\"{&quot;background_background&quot;:&quot;classic&quot;}\">\n\t\t\t\t<div class=\"elementor-element elementor-element-1f034e2 elementor-widget elementor-widget-heading\" data-id=\"1f034e2\" data-element_type=\"widget\" data-e-type=\"widget\" data-widget_type=\"heading.default\">\n\t\t\t\t<div class=\"elementor-widget-container\">\n\t\t\t\t\t<p class=\"elementor-heading-title elementor-size-default\">Nuestra especializaci\u00f3n<\/p>\t\t\t\t<\/div>\n\t\t\t\t<\/div>\n\t\t\t\t<div class=\"elementor-element elementor-element-132b9b1 elementor-widget elementor-widget-heading\" data-id=\"132b9b1\" data-element_type=\"widget\" data-e-type=\"widget\" data-widget_type=\"heading.default\">\n\t\t\t\t<div class=\"elementor-widget-container\">\n\t\t\t\t\t<h2 class=\"elementor-heading-title elementor-size-default\">Recogida y reciclaje de colchones<\/h2>\t\t\t\t<\/div>\n\t\t\t\t<\/div>\n\t\t\t\t<div class=\"elementor-element elementor-element-a4dae25 elementor-widget elementor-widget-text-editor\" data-id=\"a4dae25\" data-element_type=\"widget\" data-e-type=\"widget\" data-widget_type=\"text-editor.default\">\n\t\t\t\t<div class=\"elementor-widget-container\">\n\t\t\t\t\t\t\t\t\t<strong><span style=\"color:#333333;\">Desde 2012 en SMV<\/span><\/strong> contamos con una l\u00ednea de reciclaje de colchones usados que nos ha permitido procesar <strong><span style=\"color:#333333;\">m\u00e1s de 1.000.000 colchones<\/span><\/strong>. Esto supone una gran descarga del volumen de ocupaci\u00f3n de vertederos, ya que <strong><span style=\"color:#333333;\">un colch\u00f3n puede tardar d\u00e9cadas en descomponerse<\/span><\/strong>.\n\nAdem\u00e1s del reciclado, tambi\u00e9n nos encargamos de la <strong><span style=\"color:#333333;\">recogida de colchones en grandes cantidades<\/span><\/strong>.\n\nLos colchones, si no se tratan correctamente, pueden convertirse en un foco de suciedad y plagas, e incluso pueden causar incendios.\t\t\t\t\t\t\t\t<\/div>\n\t\t\t\t<\/div>\n\t\t\t\t<div class=\"elementor-element elementor-element-90beb9f elementor-align-left elementor-tablet-align-center elementor-mobile-align-center elementor-widget elementor-widget-button\" data-id=\"90beb9f\" data-element_type=\"widget\" data-e-type=\"widget\" data-widget_type=\"button.default\">\n\t\t\t\t<div class=\"elementor-widget-container\">\n\t\t\t\t\t\t\t\t\t<div class=\"elementor-button-wrapper\">\n\t\t\t\t\t<a class=\"elementor-button elementor-button-link elementor-size-sm elementor-animation-grow\" href=\"https:\/\/reciclajedecolchones.smv.es\/?page_id=2231\">\n\t\t\t\t\t\t<span class=\"elementor-button-content-wrapper\">\n\t\t\t\t\t\t\t\t\t<span class=\"elementor-button-text\">Aplicaciones<\/span>\n\t\t\t\t\t<\/span>\n\t\t\t\t\t<\/a>\n\t\t\t\t<\/div>\n\t\t\t\t\t\t\t\t<\/div>\n\t\t\t\t<\/div>\n\t\t\t\t<\/div>\n\t\t\t\t<\/div>\n\t\t<div class=\"elementor-element elementor-element-139ed0b e-con-full e-flex e-con e-parent\" data-id=\"139ed0b\" data-element_type=\"container\" data-e-type=\"container\" data-settings=\"{&quot;background_background&quot;:&quot;classic&quot;}\">\n\t\t<div class=\"elementor-element elementor-element-707f46d e-con-full e-flex e-con e-child\" data-id=\"707f46d\" data-element_type=\"container\" data-e-type=\"container\" data-settings=\"{&quot;background_background&quot;:&quot;classic&quot;}\">\n\t\t\t\t<div class=\"elementor-element elementor-element-8f59f75 elementor-widget elementor-widget-heading\" data-id=\"8f59f75\" data-element_type=\"widget\" data-e-type=\"widget\" data-widget_type=\"heading.default\">\n\t\t\t\t<div class=\"elementor-widget-container\">\n\t\t\t\t\t<p class=\"elementor-heading-title elementor-size-default\">Nuestra compromiso<\/p>\t\t\t\t<\/div>\n\t\t\t\t<\/div>\n\t\t\t\t<div class=\"elementor-element elementor-element-0d8377a elementor-widget elementor-widget-heading\" data-id=\"0d8377a\" data-element_type=\"widget\" data-e-type=\"widget\" data-widget_type=\"heading.default\">\n\t\t\t\t<div class=\"elementor-widget-container\">\n\t\t\t\t\t<h2 class=\"elementor-heading-title elementor-size-default\">Econom\u00eda circular y Sostenibilidad <\/h2>\t\t\t\t<\/div>\n\t\t\t\t<\/div>\n\t\t\t\t<div class=\"elementor-element elementor-element-5281ee2 elementor-widget elementor-widget-text-editor\" data-id=\"5281ee2\" data-element_type=\"widget\" data-e-type=\"widget\" data-widget_type=\"text-editor.default\">\n\t\t\t\t<div class=\"elementor-widget-container\">\n\t\t\t\t\t\t\t\t\tEn\u00a0<strong><span style=\"color:#333333;\">SMV recuperamos y acondicionamos subproductos<\/span><\/strong> procedentes del <strong><span style=\"color:#333333;\">reciclaje de colchones<\/span><\/strong>\u00a0y de\u00a0<strong><span style=\"color:#333333;\">otros residuos no peligrosos<\/span><\/strong>\u00a0para su uso industrial. Disponemos de materiales en\u00a0<strong><span style=\"color:#333333;\">pacas\u00a0compactadas<\/span><\/strong>, como\u00a0<strong><span style=\"color:#333333;\">espuma PU, l\u00e1tex, muelles de acero, textil de colch\u00f3n, cart\u00f3n y film pl\u00e1stico<\/span><\/strong>, con pesos y dimensiones orientativas por lote, posibilidad de suministro recurrente y documentaci\u00f3n asociada a cada operaci\u00f3n.\t\t\t\t\t\t\t\t<\/div>\n\t\t\t\t<\/div>\n\t\t\t\t<div class=\"elementor-element elementor-element-88f9f47 elementor-align-left elementor-tablet-align-center elementor-mobile-align-center elementor-widget elementor-widget-button\" data-id=\"88f9f47\" data-element_type=\"widget\" data-e-type=\"widget\" data-widget_type=\"button.default\">\n\t\t\t\t<div class=\"elementor-widget-container\">\n\t\t\t\t\t\t\t\t\t<div class=\"elementor-button-wrapper\">\n\t\t\t\t\t<a class=\"elementor-button elementor-button-link elementor-size-sm elementor-animation-grow\" href=\"https:\/\/www.smv.es\/venta-materiales-recuperados-colchones\/\">\n\t\t\t\t\t\t<span class=\"elementor-button-content-wrapper\">\n\t\t\t\t\t\t\t\t\t<span class=\"elementor-button-text\">Ver subproductos<\/span>\n\t\t\t\t\t<\/span>\n\t\t\t\t\t<\/a>\n\t\t\t\t<\/div>\n\t\t\t\t\t\t\t\t<\/div>\n\t\t\t\t<\/div>\n\t\t\t\t<\/div>\n\t\t<div class=\"elementor-element elementor-element-175698e e-con-full e-flex e-con e-child\" data-id=\"175698e\" data-element_type=\"container\" data-e-type=\"container\" data-settings=\"{&quot;background_background&quot;:&quot;classic&quot;}\">\n\t\t\t\t<div class=\"elementor-element elementor-element-a6466f3 elementor-widget elementor-widget-image\" data-id=\"a6466f3\" data-element_type=\"widget\" data-e-type=\"widget\" data-widget_type=\"image.default\">\n\t\t\t\t<div class=\"elementor-widget-container\">\n\t\t\t\t\t\t\t\t\t\t\t\t\t\t\t<img fetchpriority=\"high\" decoding=\"async\" width=\"1439\" height=\"1093\" src=\"https:\/\/reciclajedecolchones.smv.es\/wp-content\/uploads\/2026\/05\/Reciclaje-de-colchones-en-Espana_segunda-vida-colchones-reciclados_donde-tirar-colchones-viejos_recogida-de-colchones_SMV_Valencia_colchones-usados_economia-circular_12.png\" class=\"attachment-full size-full wp-image-1961\" alt=\"\" srcset=\"https:\/\/reciclajedecolchones.smv.es\/wp-content\/uploads\/2026\/05\/Reciclaje-de-colchones-en-Espana_segunda-vida-colchones-reciclados_donde-tirar-colchones-viejos_recogida-de-colchones_SMV_Valencia_colchones-usados_economia-circular_12.png 1439w, https:\/\/reciclajedecolchones.smv.es\/wp-content\/uploads\/2026\/05\/Reciclaje-de-colchones-en-Espana_segunda-vida-colchones-reciclados_donde-tirar-colchones-viejos_recogida-de-colchones_SMV_Valencia_colchones-usados_economia-circular_12-300x228.png 300w, https:\/\/reciclajedecolchones.smv.es\/wp-content\/uploads\/2026\/05\/Reciclaje-de-colchones-en-Espana_segunda-vida-colchones-reciclados_donde-tirar-colchones-viejos_recogida-de-colchones_SMV_Valencia_colchones-usados_economia-circular_12-1024x778.png 1024w, https:\/\/reciclajedecolchones.smv.es\/wp-content\/uploads\/2026\/05\/Reciclaje-de-colchones-en-Espana_segunda-vida-colchones-reciclados_donde-tirar-colchones-viejos_recogida-de-colchones_SMV_Valencia_colchones-usados_economia-circular_12-768x583.png 768w\" sizes=\"(max-width: 1439px) 100vw, 1439px\" \/>\t\t\t\t\t\t\t\t\t\t\t\t\t\t\t<\/div>\n\t\t\t\t<\/div>\n\t\t\t\t<\/div>\n\t\t\t\t<\/div>\n\t\t\t\t<\/div>\n\t\t","protected":false},"excerpt":{"rendered":"<p>Conoce SMV SMV es una empresa de servicios especializada en la gesti\u00f3n integral de residuos Desarrollamos nuestra labor desde el a\u00f1o 2007, ofreciendo servicios de gesti\u00f3n integral de residuos, desde la compra- venta de subproductos, transporte y valorizaci\u00f3n final de todo tipo de residuos, buscando soluciones de reciclado a residuos que normalmente se destinan a [&hellip;]<\/p>\n","protected":false},"author":4,"featured_media":0,"parent":0,"menu_order":0,"comment_status":"closed","ping_status":"closed","template":"elementor_header_footer","meta":{"footnotes":""},"class_list":["post-1851","page","type-page","status-publish","hentry"],"_links":{"self":[{"href":"https:\/\/reciclajedecolchones.smv.es\/index.php?rest_route=\/wp\/v2\/pages\/1851","targetHints":{"allow":["GET"]}}],"collection":[{"href":"https:\/\/reciclajedecolchones.smv.es\/index.php?rest_route=\/wp\/v2\/pages"}],"about":[{"href":"https:\/\/reciclajedecolchones.smv.es\/index.php?rest_route=\/wp\/v2\/types\/page"}],"author":[{"embeddable":true,"href":"https:\/\/reciclajedecolchones.smv.es\/index.php?rest_route=\/wp\/v2\/users\/4"}],"replies":[{"embeddable":true,"href":"https:\/\/reciclajedecolchones.smv.es\/index.php?rest_route=%2Fwp%2Fv2%2Fcomments&post=1851"}],"version-history":[{"count":29,"href":"https:\/\/reciclajedecolchones.smv.es\/index.php?rest_route=\/wp\/v2\/pages\/1851\/revisions"}],"predecessor-version":[{"id":2529,"href":"https:\/\/reciclajedecolchones.smv.es\/index.php?rest_route=\/wp\/v2\/pages\/1851\/revisions\/2529"}],"wp:attachment":[{"href":"https:\/\/reciclajedecolchones.smv.es\/index.php?rest_route=%2Fwp%2Fv2%2Fmedia&parent=1851"}],"curies":[{"name":"wp","href":"https:\/\/api.w.org\/{rel}","templated":true}]}}